{"id":10415,"date":"2026-02-06T12:34:51","date_gmt":"2026-02-06T12:34:51","guid":{"rendered":"https:\/\/new.betterbusiness.be\/actualite\/"},"modified":"2026-04-22T09:43:31","modified_gmt":"2026-04-22T09:43:31","slug":"news","status":"publish","type":"page","link":"https:\/\/www.betterbusiness.be\/en\/news\/","title":{"rendered":"News and articles"},"content":{"rendered":"\t\t<div data-elementor-type=\"wp-page\" data-elementor-id=\"10415\" class=\"elementor elementor-10415 elementor-9492\" data-elementor-post-type=\"page\">\n\t\t\t\t<div class=\"elementor-element elementor-element-d6ffe9b e-con-full e-flex e-con e-parent\" data-id=\"d6ffe9b\" data-element_type=\"container\" data-e-type=\"container\" data-settings=\"{&quot;background_background&quot;:&quot;classic&quot;}\">\n\t\t<div class=\"elementor-element elementor-element-f8feed0 e-con-full e-flex e-con e-child\" data-id=\"f8feed0\" data-element_type=\"container\" data-e-type=\"container\">\n\t\t\t\t<div class=\"elementor-element elementor-element-6203e0a elementor-widget__width-inherit elementor-widget-tablet__width-inherit elementor-widget elementor-widget-heading\" data-id=\"6203e0a\" data-element_type=\"widget\" data-e-type=\"widget\" data-widget_type=\"heading.default\">\n\t\t\t\t\t<h2 class=\"elementor-heading-title elementor-size-default\">News and articles<\/h2>\t\t\t\t<\/div>\n\t\t\t\t<div class=\"elementor-element elementor-element-c7ed019 elementor-widget-tablet__width-inherit elementor-widget elementor-widget-heading\" data-id=\"c7ed019\" data-element_type=\"widget\" data-e-type=\"widget\" data-widget_type=\"heading.default\">\n\t\t\t\t\t<h2 class=\"elementor-heading-title elementor-size-default\">Expert insights on corporate sustainability<\/h2>\t\t\t\t<\/div>\n\t\t\t\t<\/div>\n\t\t<div class=\"elementor-element elementor-element-441efa9 e-con-full elementor-hidden-mobile e-flex e-con e-child\" data-id=\"441efa9\" data-element_type=\"container\" data-e-type=\"container\">\n\t\t\t\t<\/div>\n\t\t\t\t<\/div>\n\t\t<div class=\"elementor-element elementor-element-561409b e-flex e-con-boxed e-con e-parent\" data-id=\"561409b\" data-element_type=\"container\" data-e-type=\"container\">\n\t\t\t\t\t<div class=\"e-con-inner\">\n\t\t\t\t<div class=\"elementor-element elementor-element-c522d03 elementor-widget elementor-widget-ld_blog\" data-id=\"c522d03\" data-element_type=\"widget\" data-e-type=\"widget\" data-widget_type=\"ld_blog.default\">\n\t\t\t\t<div class=\"elementor-widget-container\">\n\t\t\t\t\t<div class=\"lqd-lp-grid c522d03 blog-id-206712067 \"><div class=\"lqd-lp-grid-inner\" data-id=\"0\"><div class=\"lqd-lp-row row pos-rel d-flex flex-wrap\" ><div class=\"lqd-lp-column d-flex flex-column col-md-4 col-sm-6 carbone lqd-f-55\"><article id=\"post-12980\" class=\"lqd-lp pos-rel lqd-lp lqd-lp-style-13 lqd-lp-title-highlight text-start post-12980 post type-post status-publish format-standard has-post-thumbnail hentry category-carbone\">\n\n<div class=\"lqd-lp-img pos-rel mb-4\">\n\n\t<figure class=\"pos-rel overflow-hidden\"><img fetchpriority=\"high\" decoding=\"async\" width=\"480\" height=\"300\" src=\"https:\/\/www.betterbusiness.be\/wp-content\/uploads\/2026\/03\/growtika-nGoCBxiaRO0-unsplash-480x300.jpg\" class=\"w-100 wp-post-image\" alt=\"\" itemprop=\"image\" \/><\/figure>\n\t<div class=\"lqd-lp-meta lqd-lp-meta-solid pos-abs pos-bl pos-b-l d-flex align-items-center p-0 no-padding\">\n\n\t\t<time class=\"lqd-lp-date pt-2 pb-2 ps-3 pe-3 px-3\" datetime=\"2026-03-19T12:37:00+00:00\">1 month ago<\/time>\n\t\t\t\t\n\t\t<span class=\"screen-reader-text\">Tags <\/span><ul class=\"lqd-lp-cat reset-ul inline-ul pos-rel z-index-3 pt-2 pb-2\"><li><a href=\"https:\/\/www.betterbusiness.be\/en\/category\/carbone\/\" rel=\"category\">Carbone<\/a><\/li><\/ul>\n\t<\/div>\n\n<\/div>\n\n<header class=\"lqd-lp-header mb-2\">\n\t<h2 class=\"entry-title lqd-lp-title m-0 h5\"><a  href=\"https:\/\/www.betterbusiness.be\/en\/le-cout-cache-chatgpt\/\" rel=\"bookmark\">The hidden cost of daily ChatGPT use: from our office to all of Belgium.<\/a><\/h2><\/header>\n\n\n\n<a  href=\"https:\/\/www.betterbusiness.be\/en\/le-cout-cache-chatgpt\/\" class=\"lqd-lp-overlay-link lqd-overlay lqd-cc-label-trigger z-index-2\" tab-index=\"-1\"><\/a><\/article><\/div><div class=\"lqd-lp-column d-flex flex-column col-md-4 col-sm-6 b-corp lqd-f-54\"><article id=\"post-12924\" class=\"lqd-lp pos-rel lqd-lp lqd-lp-style-13 lqd-lp-title-highlight text-start post-12924 post type-post status-publish format-standard has-post-thumbnail hentry category-b-corp\">\n\n<div class=\"lqd-lp-img pos-rel mb-4\">\n\n\t<figure class=\"pos-rel overflow-hidden\"><img decoding=\"async\" width=\"480\" height=\"300\" src=\"data:image\/svg+xml;charset=utf-8,%3Csvg xmlns%3D&#039;http%3A%2F%2Fwww.w3.org%2F2000%2Fsvg&#039; viewBox%3D&#039;0 0 480 300&#039;%2F%3E\" class=\"w-100 ld-lazyload wp-post-image\" alt=\"\" itemprop=\"image\" data-src=\"https:\/\/www.betterbusiness.be\/wp-content\/uploads\/2026\/03\/bcorp1-480x300.png\" data-aspect=\"1.6\" \/><\/figure>\n\t<div class=\"lqd-lp-meta lqd-lp-meta-solid pos-abs pos-bl pos-b-l d-flex align-items-center p-0 no-padding\">\n\n\t\t<time class=\"lqd-lp-date pt-2 pb-2 ps-3 pe-3 px-3\" datetime=\"2026-03-19T12:35:06+00:00\">1 month ago<\/time>\n\t\t\t\t\n\t\t<span class=\"screen-reader-text\">Tags <\/span><ul class=\"lqd-lp-cat reset-ul inline-ul pos-rel z-index-3 pt-2 pb-2\"><li><a href=\"https:\/\/www.betterbusiness.be\/en\/category\/b-corp\/\" rel=\"category\">B Corp<\/a><\/li><\/ul>\n\t<\/div>\n\n<\/div>\n\n<header class=\"lqd-lp-header mb-2\">\n\t<h2 class=\"entry-title lqd-lp-title m-0 h5\"><a  href=\"https:\/\/www.betterbusiness.be\/en\/new-b-corp-standards-2026-a-strengthened-audit-process\/\" rel=\"bookmark\">New B Corp\u00ae Standards 2026: A Strengthened Audit Process<\/a><\/h2><\/header>\n\n\n\n<a  href=\"https:\/\/www.betterbusiness.be\/en\/new-b-corp-standards-2026-a-strengthened-audit-process\/\" class=\"lqd-lp-overlay-link lqd-overlay lqd-cc-label-trigger z-index-2\" tab-index=\"-1\"><\/a><\/article><\/div><div class=\"lqd-lp-column d-flex flex-column col-md-4 col-sm-6 our-services lqd-f-53\"><article id=\"post-12918\" class=\"lqd-lp pos-rel lqd-lp lqd-lp-style-13 lqd-lp-title-highlight text-start post-12918 post type-post status-publish format-standard has-post-thumbnail hentry category-our-services\">\n\n<div class=\"lqd-lp-img pos-rel mb-4\">\n\n\t<figure class=\"pos-rel overflow-hidden\"><img decoding=\"async\" width=\"480\" height=\"300\" src=\"data:image\/svg+xml;charset=utf-8,%3Csvg xmlns%3D&#039;http%3A%2F%2Fwww.w3.org%2F2000%2Fsvg&#039; viewBox%3D&#039;0 0 480 300&#039;%2F%3E\" class=\"w-100 ld-lazyload wp-post-image\" alt=\"\" itemprop=\"image\" data-src=\"https:\/\/www.betterbusiness.be\/wp-content\/uploads\/2026\/02\/kvalifik-5Q07sS54D0Q-unsplash-480x300.jpg\" data-aspect=\"1.6\" \/><\/figure>\n\t<div class=\"lqd-lp-meta lqd-lp-meta-solid pos-abs pos-bl pos-b-l d-flex align-items-center p-0 no-padding\">\n\n\t\t<time class=\"lqd-lp-date pt-2 pb-2 ps-3 pe-3 px-3\" datetime=\"2026-03-19T12:17:18+00:00\">1 month ago<\/time>\n\t\t\t\t\n\t\t<span class=\"screen-reader-text\">Tags <\/span><ul class=\"lqd-lp-cat reset-ul inline-ul pos-rel z-index-3 pt-2 pb-2\"><li><a href=\"https:\/\/www.betterbusiness.be\/en\/category\/our-services\/\" rel=\"category\">Our services<\/a><\/li><\/ul>\n\t<\/div>\n\n<\/div>\n\n<header class=\"lqd-lp-header mb-2\">\n\t<h2 class=\"entry-title lqd-lp-title m-0 h5\"><a  href=\"https:\/\/www.betterbusiness.be\/en\/materiality-analysis-more-than-a-regulatory-formality\/\" rel=\"bookmark\">Materiality Analysis: more than a regulatory formality?<\/a><\/h2><\/header>\n\n\n\n<a  href=\"https:\/\/www.betterbusiness.be\/en\/materiality-analysis-more-than-a-regulatory-formality\/\" class=\"lqd-lp-overlay-link lqd-overlay lqd-cc-label-trigger z-index-2\" tab-index=\"-1\"><\/a><\/article><\/div><div class=\"lqd-lp-column d-flex flex-column col-md-4 col-sm-6 b-corp lqd-f-54\"><article id=\"post-10663\" class=\"lqd-lp pos-rel lqd-lp lqd-lp-style-13 lqd-lp-title-highlight text-start post-10663 post type-post status-publish format-standard has-post-thumbnail hentry category-b-corp\">\n\n<div class=\"lqd-lp-img pos-rel mb-4\">\n\n\t<figure class=\"pos-rel overflow-hidden\"><img loading=\"lazy\" decoding=\"async\" width=\"480\" height=\"300\" src=\"data:image\/svg+xml;charset=utf-8,%3Csvg xmlns%3D&#039;http%3A%2F%2Fwww.w3.org%2F2000%2Fsvg&#039; viewBox%3D&#039;0 0 480 300&#039;%2F%3E\" class=\"w-100 ld-lazyload wp-post-image\" alt=\"\" itemprop=\"image\" data-src=\"https:\/\/www.betterbusiness.be\/wp-content\/uploads\/2026\/02\/BCorp_1920x1080_with_lockup-480x300.jpg\" data-aspect=\"1.6\" \/><\/figure>\n\t<div class=\"lqd-lp-meta lqd-lp-meta-solid pos-abs pos-bl pos-b-l d-flex align-items-center p-0 no-padding\">\n\n\t\t<time class=\"lqd-lp-date pt-2 pb-2 ps-3 pe-3 px-3\" datetime=\"2026-02-23T17:32:08+00:00\">2 months ago<\/time>\n\t\t\t\t\n\t\t<span class=\"screen-reader-text\">Tags <\/span><ul class=\"lqd-lp-cat reset-ul inline-ul pos-rel z-index-3 pt-2 pb-2\"><li><a href=\"https:\/\/www.betterbusiness.be\/en\/category\/b-corp\/\" rel=\"category\">B Corp<\/a><\/li><\/ul>\n\t<\/div>\n\n<\/div>\n\n<header class=\"lqd-lp-header mb-2\">\n\t<h2 class=\"entry-title lqd-lp-title m-0 h5\"><a  href=\"https:\/\/www.betterbusiness.be\/en\/from-growth-to-contribution-rethinking-performance-with-b-corp-certification\/\" rel=\"bookmark\">From growth to contribution: Rethinking performance with B Corp\u00ae certification<\/a><\/h2><\/header>\n\n\n\n<a  href=\"https:\/\/www.betterbusiness.be\/en\/from-growth-to-contribution-rethinking-performance-with-b-corp-certification\/\" class=\"lqd-lp-overlay-link lqd-overlay lqd-cc-label-trigger z-index-2\" tab-index=\"-1\"><\/a><\/article><\/div><div class=\"lqd-lp-column d-flex flex-column col-md-4 col-sm-6 carbone lqd-f-55\"><article id=\"post-10665\" class=\"lqd-lp pos-rel lqd-lp lqd-lp-style-13 lqd-lp-title-highlight text-start post-10665 post type-post status-publish format-standard has-post-thumbnail hentry category-carbone\">\n\n<div class=\"lqd-lp-img pos-rel mb-4\">\n\n\t<figure class=\"pos-rel overflow-hidden\"><img loading=\"lazy\" decoding=\"async\" width=\"480\" height=\"300\" src=\"data:image\/svg+xml;charset=utf-8,%3Csvg xmlns%3D&#039;http%3A%2F%2Fwww.w3.org%2F2000%2Fsvg&#039; viewBox%3D&#039;0 0 480 300&#039;%2F%3E\" class=\"w-100 ld-lazyload wp-post-image\" alt=\"\" itemprop=\"image\" data-src=\"https:\/\/www.betterbusiness.be\/wp-content\/uploads\/2026\/02\/Comptabilite-carbone-climate-is-changing-so-we-should-480x300.jpg\" data-aspect=\"1.6\" \/><\/figure>\n\t<div class=\"lqd-lp-meta lqd-lp-meta-solid pos-abs pos-bl pos-b-l d-flex align-items-center p-0 no-padding\">\n\n\t\t<time class=\"lqd-lp-date pt-2 pb-2 ps-3 pe-3 px-3\" datetime=\"2026-02-23T08:23:18+00:00\">2 months ago<\/time>\n\t\t\t\t\n\t\t<span class=\"screen-reader-text\">Tags <\/span><ul class=\"lqd-lp-cat reset-ul inline-ul pos-rel z-index-3 pt-2 pb-2\"><li><a href=\"https:\/\/www.betterbusiness.be\/en\/category\/carbone\/\" rel=\"category\">Carbone<\/a><\/li><\/ul>\n\t<\/div>\n\n<\/div>\n\n<header class=\"lqd-lp-header mb-2\">\n\t<h2 class=\"entry-title lqd-lp-title m-0 h5\"><a  href=\"https:\/\/www.betterbusiness.be\/en\/carbon-accounting-why-and-how-should-small-businesses-do-it\/\" rel=\"bookmark\">Carbon accounting: why (and how) should small businesses do it?<\/a><\/h2><\/header>\n\n\n\n<a  href=\"https:\/\/www.betterbusiness.be\/en\/carbon-accounting-why-and-how-should-small-businesses-do-it\/\" class=\"lqd-lp-overlay-link lqd-overlay lqd-cc-label-trigger z-index-2\" tab-index=\"-1\"><\/a><\/article><\/div><div class=\"lqd-lp-column d-flex flex-column col-md-4 col-sm-6 our-services lqd-f-53\"><article id=\"post-10549\" class=\"lqd-lp pos-rel lqd-lp lqd-lp-style-13 lqd-lp-title-highlight text-start post-10549 post type-post status-publish format-standard has-post-thumbnail hentry category-our-services\">\n\n<div class=\"lqd-lp-img pos-rel mb-4\">\n\n\t<figure class=\"pos-rel overflow-hidden\"><img loading=\"lazy\" decoding=\"async\" width=\"480\" height=\"300\" src=\"data:image\/svg+xml;charset=utf-8,%3Csvg xmlns%3D&#039;http%3A%2F%2Fwww.w3.org%2F2000%2Fsvg&#039; viewBox%3D&#039;0 0 480 300&#039;%2F%3E\" class=\"w-100 ld-lazyload wp-post-image\" alt=\"\" itemprop=\"image\" data-src=\"https:\/\/www.betterbusiness.be\/wp-content\/uploads\/2026\/02\/christin-hume-Hcfwew744z4-unsplash-480x300.jpg\" data-aspect=\"1.6\" \/><\/figure>\n\t<div class=\"lqd-lp-meta lqd-lp-meta-solid pos-abs pos-bl pos-b-l d-flex align-items-center p-0 no-padding\">\n\n\t\t<time class=\"lqd-lp-date pt-2 pb-2 ps-3 pe-3 px-3\" datetime=\"2026-02-23T08:04:08+00:00\">2 months ago<\/time>\n\t\t\t\t\n\t\t<span class=\"screen-reader-text\">Tags <\/span><ul class=\"lqd-lp-cat reset-ul inline-ul pos-rel z-index-3 pt-2 pb-2\"><li><a href=\"https:\/\/www.betterbusiness.be\/en\/category\/our-services\/\" rel=\"category\">Our services<\/a><\/li><\/ul>\n\t<\/div>\n\n<\/div>\n\n<header class=\"lqd-lp-header mb-2\">\n\t<h2 class=\"entry-title lqd-lp-title m-0 h5\"><a  href=\"https:\/\/www.betterbusiness.be\/en\/pourquoi-faire-un-rapport-dimpact\/\" rel=\"bookmark\">Impact report: Structuring your approach with full transparency<\/a><\/h2><\/header>\n\n\n\n<a  href=\"https:\/\/www.betterbusiness.be\/en\/pourquoi-faire-un-rapport-dimpact\/\" class=\"lqd-lp-overlay-link lqd-overlay lqd-cc-label-trigger z-index-2\" tab-index=\"-1\"><\/a><\/article><\/div><\/div><!--\/ .row --><div class=\"hidden liquid-pf-nav ld-pf-nav-ajax\"><div class=\"page-nav text-center\"><nav aria-label=\"Page navigation\"><a href=\"javascript:void(0)\" data-args=\"{&quot;action&quot;:&quot;liquid_get_ajax_posts&quot;,&quot;posts_per_page&quot;:&quot;50&quot;,&quot;term_classes&quot;:&quot;our-services lqd-f-53&quot;,&quot;style&quot;:&quot;style13&quot;,&quot;show_meta&quot;:&quot;yes&quot;,&quot;meta_type&quot;:&quot;cats&quot;,&quot;one_category&quot;:&quot;yes&quot;,&quot;title_tag&quot;:&quot;h2&quot;,&quot;use_inheritance&quot;:&quot;&quot;,&quot;tag_to_inherite&quot;:null,&quot;grid_columns&quot;:&quot;3&quot;,&quot;enable_post_excerpt&quot;:&quot;no&quot;,&quot;post_excerpt_length&quot;:&quot;20&quot;,&quot;show_read_more_button&quot;:&quot;no&quot;,&quot;items_height&quot;:null}\" class=\"elementor-button btn ws-nowrap ld-ajax-loadmore ws-nowrap \"><span class=\"static d-block\">Load more<\/span><span class=\"loading d-block pos-abs\"><span class=\"dots d-block\"><span class=\"d-inline-block\"><\/span><span class=\"d-inline-block\"><\/span><span class=\"d-inline-block\"><\/span><\/span><span class=\"d-block mt-1\">Loading<\/span><\/span><span class=\"all-loaded d-block pos-abs\">All items loaded <svg width=\"32\" height=\"29\" xmlns=\"http:\/\/www.w3.org\/2000\/svg\" viewBox=\"0 0 32 29\" style=\"width: 1.5em; height: 1.5em; margin-inline-start: 0.5em;\"><path fill=\"currentColor\" d=\"M25.74 6.23c0.38 0.34 0.42 0.9 0.09 1.28l-12.77 14.58a0.91 0.91 0 0 1-1.33 0.04l-5.46-5.46a0.91 0.91 0 1 1 1.29-1.29l4.77 4.78 12.12-13.85a0.91 0.91 0 0 1 1.29-0.08z\"><\/path><\/svg><\/span><\/a><\/nav><\/div><\/div><\/div><\/div>\t\t\t\t<\/div>\n\t\t\t\t<\/div>\n\t\t\t\t\t<\/div>\n\t\t\t\t<\/div>\n\t\t\t\t<\/div>\n\t\t","protected":false},"excerpt":{"rendered":"<p>News and articles Expert insights on corporate sustainability Il y a 1 mois Tags Carbone Le co\u00fbt cach\u00e9 de l\u2019utilisation quotidienne de\u00a0ChatGPT\u00a0: de notre bureau \u00e0 toute la Belgique\u00a0 Il y a 1 mois Tags B Corp Nouvelles normes B Corp\u00ae 2026\u202f: Un processus d\u2019audit renforc\u00e9 Il y a 1 mois Tags Nos services L\u2019Analyse [&hellip;]<\/p>\n","protected":false},"author":1,"featured_media":0,"parent":0,"menu_order":0,"comment_status":"closed","ping_status":"closed","template":"","meta":{"_acf_changed":false,"footnotes":""},"class_list":["post-10415","page","type-page","status-publish","hentry"],"acf":[],"yoast_head":"<!-- This site is optimized with the Yoast SEO plugin v27.4 - https:\/\/yoast.com\/product\/yoast-seo-wordpress\/ -->\n<title>News and articles - BetterBusiness \u2014 Sustainability at the heart of your strategy<\/title>\n<meta name=\"description\" content=\"Discover our ESG news and expert insights to better understand the environmental, social, and governance issues shaping today\u2019s world.\" \/>\n<meta name=\"robots\" content=\"index, follow, max-snippet:-1, max-image-preview:large, max-video-preview:-1\" \/>\n<link rel=\"canonical\" href=\"https:\/\/www.betterbusiness.be\/en\/news\/\" \/>\n<meta property=\"og:locale\" content=\"en_US\" \/>\n<meta property=\"og:type\" content=\"article\" \/>\n<meta property=\"og:title\" content=\"News and articles - BetterBusiness \u2014 Sustainability at the heart of your strategy\" \/>\n<meta property=\"og:description\" content=\"Discover our ESG news and expert insights to better understand the environmental, social, and governance issues shaping today\u2019s world.\" \/>\n<meta property=\"og:url\" content=\"https:\/\/www.betterbusiness.be\/en\/news\/\" \/>\n<meta property=\"og:site_name\" content=\"BetterBusiness \u2014 Sustainability at the heart of your strategy\" \/>\n<meta property=\"article:modified_time\" content=\"2026-04-22T09:43:31+00:00\" \/>\n<meta property=\"og:image\" content=\"https:\/\/www.betterbusiness.be\/wp-content\/uploads\/2026\/03\/growtika-nGoCBxiaRO0-unsplash-480x300.jpg\" \/>\n<meta name=\"twitter:card\" content=\"summary_large_image\" \/>\n<meta name=\"twitter:label1\" content=\"Est. reading time\" \/>\n\t<meta name=\"twitter:data1\" content=\"2 minutes\" \/>\n<script type=\"application\/ld+json\" class=\"yoast-schema-graph\">{\"@context\":\"https:\\\/\\\/schema.org\",\"@graph\":[{\"@type\":\"WebPage\",\"@id\":\"https:\\\/\\\/www.betterbusiness.be\\\/en\\\/news\\\/\",\"url\":\"https:\\\/\\\/www.betterbusiness.be\\\/en\\\/news\\\/\",\"name\":\"News and articles - BetterBusiness \u2014 Sustainability at the heart of your strategy\",\"isPartOf\":{\"@id\":\"https:\\\/\\\/www.betterbusiness.be\\\/en\\\/#website\"},\"primaryImageOfPage\":{\"@id\":\"https:\\\/\\\/www.betterbusiness.be\\\/en\\\/news\\\/#primaryimage\"},\"image\":{\"@id\":\"https:\\\/\\\/www.betterbusiness.be\\\/en\\\/news\\\/#primaryimage\"},\"thumbnailUrl\":\"https:\\\/\\\/www.betterbusiness.be\\\/wp-content\\\/uploads\\\/2026\\\/03\\\/growtika-nGoCBxiaRO0-unsplash-480x300.jpg\",\"datePublished\":\"2026-02-06T12:34:51+00:00\",\"dateModified\":\"2026-04-22T09:43:31+00:00\",\"description\":\"Discover our ESG news and expert insights to better understand the environmental, social, and governance issues shaping today\u2019s world.\",\"breadcrumb\":{\"@id\":\"https:\\\/\\\/www.betterbusiness.be\\\/en\\\/news\\\/#breadcrumb\"},\"inLanguage\":\"en-US\",\"potentialAction\":[{\"@type\":\"ReadAction\",\"target\":[\"https:\\\/\\\/www.betterbusiness.be\\\/en\\\/news\\\/\"]}]},{\"@type\":\"ImageObject\",\"inLanguage\":\"en-US\",\"@id\":\"https:\\\/\\\/www.betterbusiness.be\\\/en\\\/news\\\/#primaryimage\",\"url\":\"https:\\\/\\\/www.betterbusiness.be\\\/wp-content\\\/uploads\\\/2026\\\/03\\\/growtika-nGoCBxiaRO0-unsplash-480x300.jpg\",\"contentUrl\":\"https:\\\/\\\/www.betterbusiness.be\\\/wp-content\\\/uploads\\\/2026\\\/03\\\/growtika-nGoCBxiaRO0-unsplash-480x300.jpg\"},{\"@type\":\"BreadcrumbList\",\"@id\":\"https:\\\/\\\/www.betterbusiness.be\\\/en\\\/news\\\/#breadcrumb\",\"itemListElement\":[{\"@type\":\"ListItem\",\"position\":1,\"name\":\"Accueil\",\"item\":\"https:\\\/\\\/www.betterbusiness.be\\\/en\\\/\"},{\"@type\":\"ListItem\",\"position\":2,\"name\":\"News and articles\"}]},{\"@type\":\"WebSite\",\"@id\":\"https:\\\/\\\/www.betterbusiness.be\\\/en\\\/#website\",\"url\":\"https:\\\/\\\/www.betterbusiness.be\\\/en\\\/\",\"name\":\"BetterBusiness \u2014 La durabilit\u00e9 au c\u0153ur de votre strat\u00e9gie\",\"description\":\"La durabilit\u00e9 au c\u0153ur de votre strat\u00e9gie\",\"publisher\":{\"@id\":\"https:\\\/\\\/www.betterbusiness.be\\\/en\\\/#organization\"},\"potentialAction\":[{\"@type\":\"SearchAction\",\"target\":{\"@type\":\"EntryPoint\",\"urlTemplate\":\"https:\\\/\\\/www.betterbusiness.be\\\/en\\\/?s={search_term_string}\"},\"query-input\":{\"@type\":\"PropertyValueSpecification\",\"valueRequired\":true,\"valueName\":\"search_term_string\"}}],\"inLanguage\":\"en-US\"},{\"@type\":\"Organization\",\"@id\":\"https:\\\/\\\/www.betterbusiness.be\\\/en\\\/#organization\",\"name\":\"BetterBusiness\",\"url\":\"https:\\\/\\\/www.betterbusiness.be\\\/en\\\/\",\"logo\":{\"@type\":\"ImageObject\",\"inLanguage\":\"en-US\",\"@id\":\"https:\\\/\\\/www.betterbusiness.be\\\/en\\\/#\\\/schema\\\/logo\\\/image\\\/\",\"url\":\"https:\\\/\\\/www.betterbusiness.be\\\/wp-content\\\/uploads\\\/2021\\\/06\\\/logo_betterbusiness_retina.png\",\"contentUrl\":\"https:\\\/\\\/www.betterbusiness.be\\\/wp-content\\\/uploads\\\/2021\\\/06\\\/logo_betterbusiness_retina.png\",\"width\":1500,\"height\":543,\"caption\":\"BetterBusiness\"},\"image\":{\"@id\":\"https:\\\/\\\/www.betterbusiness.be\\\/en\\\/#\\\/schema\\\/logo\\\/image\\\/\"},\"sameAs\":[\"https:\\\/\\\/www.linkedin.com\\\/company\\\/betterbusineswithbcorp\",\"http:\\\/\\\/instagram.com\\\/betterbusiness.be\\\/\"]}]}<\/script>\n<!-- \/ Yoast SEO plugin. -->","yoast_head_json":{"title":"News and articles - BetterBusiness \u2014 Sustainability at the heart of your strategy","description":"Discover our ESG news and expert insights to better understand the environmental, social, and governance issues shaping today\u2019s world.","robots":{"index":"index","follow":"follow","max-snippet":"max-snippet:-1","max-image-preview":"max-image-preview:large","max-video-preview":"max-video-preview:-1"},"canonical":"https:\/\/www.betterbusiness.be\/en\/news\/","og_locale":"en_US","og_type":"article","og_title":"News and articles - BetterBusiness \u2014 Sustainability at the heart of your strategy","og_description":"Discover our ESG news and expert insights to better understand the environmental, social, and governance issues shaping today\u2019s world.","og_url":"https:\/\/www.betterbusiness.be\/en\/news\/","og_site_name":"BetterBusiness \u2014 Sustainability at the heart of your strategy","article_modified_time":"2026-04-22T09:43:31+00:00","og_image":[{"url":"https:\/\/www.betterbusiness.be\/wp-content\/uploads\/2026\/03\/growtika-nGoCBxiaRO0-unsplash-480x300.jpg","type":"","width":"","height":""}],"twitter_card":"summary_large_image","twitter_misc":{"Est. reading time":"2 minutes"},"schema":{"@context":"https:\/\/schema.org","@graph":[{"@type":"WebPage","@id":"https:\/\/www.betterbusiness.be\/en\/news\/","url":"https:\/\/www.betterbusiness.be\/en\/news\/","name":"News and articles - BetterBusiness \u2014 Sustainability at the heart of your strategy","isPartOf":{"@id":"https:\/\/www.betterbusiness.be\/en\/#website"},"primaryImageOfPage":{"@id":"https:\/\/www.betterbusiness.be\/en\/news\/#primaryimage"},"image":{"@id":"https:\/\/www.betterbusiness.be\/en\/news\/#primaryimage"},"thumbnailUrl":"https:\/\/www.betterbusiness.be\/wp-content\/uploads\/2026\/03\/growtika-nGoCBxiaRO0-unsplash-480x300.jpg","datePublished":"2026-02-06T12:34:51+00:00","dateModified":"2026-04-22T09:43:31+00:00","description":"Discover our ESG news and expert insights to better understand the environmental, social, and governance issues shaping today\u2019s world.","breadcrumb":{"@id":"https:\/\/www.betterbusiness.be\/en\/news\/#breadcrumb"},"inLanguage":"en-US","potentialAction":[{"@type":"ReadAction","target":["https:\/\/www.betterbusiness.be\/en\/news\/"]}]},{"@type":"ImageObject","inLanguage":"en-US","@id":"https:\/\/www.betterbusiness.be\/en\/news\/#primaryimage","url":"https:\/\/www.betterbusiness.be\/wp-content\/uploads\/2026\/03\/growtika-nGoCBxiaRO0-unsplash-480x300.jpg","contentUrl":"https:\/\/www.betterbusiness.be\/wp-content\/uploads\/2026\/03\/growtika-nGoCBxiaRO0-unsplash-480x300.jpg"},{"@type":"BreadcrumbList","@id":"https:\/\/www.betterbusiness.be\/en\/news\/#breadcrumb","itemListElement":[{"@type":"ListItem","position":1,"name":"Accueil","item":"https:\/\/www.betterbusiness.be\/en\/"},{"@type":"ListItem","position":2,"name":"News and articles"}]},{"@type":"WebSite","@id":"https:\/\/www.betterbusiness.be\/en\/#website","url":"https:\/\/www.betterbusiness.be\/en\/","name":"BetterBusiness \u2014 La durabilit\u00e9 au c\u0153ur de votre strat\u00e9gie","description":"La durabilit\u00e9 au c\u0153ur de votre strat\u00e9gie","publisher":{"@id":"https:\/\/www.betterbusiness.be\/en\/#organization"},"potentialAction":[{"@type":"SearchAction","target":{"@type":"EntryPoint","urlTemplate":"https:\/\/www.betterbusiness.be\/en\/?s={search_term_string}"},"query-input":{"@type":"PropertyValueSpecification","valueRequired":true,"valueName":"search_term_string"}}],"inLanguage":"en-US"},{"@type":"Organization","@id":"https:\/\/www.betterbusiness.be\/en\/#organization","name":"BetterBusiness","url":"https:\/\/www.betterbusiness.be\/en\/","logo":{"@type":"ImageObject","inLanguage":"en-US","@id":"https:\/\/www.betterbusiness.be\/en\/#\/schema\/logo\/image\/","url":"https:\/\/www.betterbusiness.be\/wp-content\/uploads\/2021\/06\/logo_betterbusiness_retina.png","contentUrl":"https:\/\/www.betterbusiness.be\/wp-content\/uploads\/2021\/06\/logo_betterbusiness_retina.png","width":1500,"height":543,"caption":"BetterBusiness"},"image":{"@id":"https:\/\/www.betterbusiness.be\/en\/#\/schema\/logo\/image\/"},"sameAs":["https:\/\/www.linkedin.com\/company\/betterbusineswithbcorp","http:\/\/instagram.com\/betterbusiness.be\/"]}]}},"_links":{"self":[{"href":"https:\/\/www.betterbusiness.be\/en\/wp-json\/wp\/v2\/pages\/10415","targetHints":{"allow":["GET"]}}],"collection":[{"href":"https:\/\/www.betterbusiness.be\/en\/wp-json\/wp\/v2\/pages"}],"about":[{"href":"https:\/\/www.betterbusiness.be\/en\/wp-json\/wp\/v2\/types\/page"}],"author":[{"embeddable":true,"href":"https:\/\/www.betterbusiness.be\/en\/wp-json\/wp\/v2\/users\/1"}],"replies":[{"embeddable":true,"href":"https:\/\/www.betterbusiness.be\/en\/wp-json\/wp\/v2\/comments?post=10415"}],"version-history":[{"count":9,"href":"https:\/\/www.betterbusiness.be\/en\/wp-json\/wp\/v2\/pages\/10415\/revisions"}],"predecessor-version":[{"id":13127,"href":"https:\/\/www.betterbusiness.be\/en\/wp-json\/wp\/v2\/pages\/10415\/revisions\/13127"}],"wp:attachment":[{"href":"https:\/\/www.betterbusiness.be\/en\/wp-json\/wp\/v2\/media?parent=10415"}],"curies":[{"name":"wp","href":"https:\/\/api.w.org\/{rel}","templated":true}]}}