{"id":10711,"date":"2026-02-06T07:57:45","date_gmt":"2026-02-06T07:57:45","guid":{"rendered":"https:\/\/new.betterbusiness.be\/nos-services\/"},"modified":"2026-03-19T10:39:29","modified_gmt":"2026-03-19T10:39:29","slug":"our-services","status":"publish","type":"page","link":"https:\/\/www.betterbusiness.be\/en\/our-services\/","title":{"rendered":"Our services"},"content":{"rendered":"\t\t<div data-elementor-type=\"wp-page\" data-elementor-id=\"10711\" class=\"elementor elementor-10711 elementor-9064\" data-elementor-post-type=\"page\">\n\t\t\t\t<div class=\"elementor-element elementor-element-d6ffe9b e-con-full e-flex e-con e-parent\" data-id=\"d6ffe9b\" data-element_type=\"container\" data-e-type=\"container\" data-settings=\"{&quot;background_background&quot;:&quot;classic&quot;}\">\n\t\t<div class=\"elementor-element elementor-element-f8feed0 e-con-full e-flex e-con e-child\" data-id=\"f8feed0\" data-element_type=\"container\" data-e-type=\"container\">\n\t\t\t\t<div class=\"elementor-element elementor-element-6203e0a elementor-widget__width-inherit elementor-widget-tablet__width-inherit elementor-widget elementor-widget-heading\" data-id=\"6203e0a\" data-element_type=\"widget\" data-e-type=\"widget\" data-widget_type=\"heading.default\">\n\t\t\t\t\t<h2 class=\"elementor-heading-title elementor-size-default\">Our services<\/h2>\t\t\t\t<\/div>\n\t\t\t\t<\/div>\n\t\t<div class=\"elementor-element elementor-element-441efa9 e-con-full elementor-hidden-mobile e-flex e-con e-child\" data-id=\"441efa9\" data-element_type=\"container\" data-e-type=\"container\">\n\t\t\t\t<\/div>\n\t\t\t\t<\/div>\n\t\t<div class=\"elementor-element elementor-element-585b385 e-con-full e-flex e-con e-parent\" data-id=\"585b385\" data-element_type=\"container\" data-e-type=\"container\">\n\t\t<div class=\"elementor-element elementor-element-3c211d8 e-con-full e-flex e-con e-child\" data-id=\"3c211d8\" data-element_type=\"container\" data-e-type=\"container\">\n\t\t\t\t<div class=\"elementor-element elementor-element-ea34378 elementor-widget elementor-widget-heading\" data-id=\"ea34378\" data-element_type=\"widget\" data-e-type=\"widget\" data-widget_type=\"heading.default\">\n\t\t\t\t\t<h2 class=\"elementor-heading-title elementor-size-default\">A comprehensive approach<\/h2>\t\t\t\t<\/div>\n\t\t\t\t<div class=\"elementor-element elementor-element-216e479 elementor-widget elementor-widget-text-editor\" data-id=\"216e479\" data-element_type=\"widget\" data-e-type=\"widget\" data-widget_type=\"text-editor.default\">\n\t\t\t\t\t\t\t\t\t<p class=\"p1\">Our services form part of a coherent process designed to support SMEs at every stage of their sustainable transition. From the initial assessment to the transparency of results, each intervention is modular, structured and aligned with your strategic challenges.<\/p>\t\t\t\t\t\t\t\t<\/div>\n\t\t\t\t<\/div>\n\t\t\t\t<\/div>\n\t\t<div class=\"elementor-element elementor-element-de69001 e-con-full e-flex e-con e-parent\" data-id=\"de69001\" data-element_type=\"container\" data-e-type=\"container\">\n\t\t<div class=\"elementor-element elementor-element-787ec36 e-con-full e-flex e-con e-child\" data-id=\"787ec36\" data-element_type=\"container\" data-e-type=\"container\" data-settings=\"{&quot;background_background&quot;:&quot;classic&quot;}\">\n\t\t\t\t<div class=\"elementor-element elementor-element-adf9888 elementor-widget elementor-widget-heading\" data-id=\"adf9888\" data-element_type=\"widget\" data-e-type=\"widget\" data-widget_type=\"heading.default\">\n\t\t\t\t\t<h2 class=\"elementor-heading-title elementor-size-default\">Diagnosis<\/h2>\t\t\t\t<\/div>\n\t\t\t\t<div class=\"elementor-element elementor-element-c903e97 elementor-widget elementor-widget-text-editor\" data-id=\"c903e97\" data-element_type=\"widget\" data-e-type=\"widget\" data-widget_type=\"text-editor.default\">\n\t\t\t\t\t\t\t\t\t<p class=\"p1\"><b>Structure before you act<\/b><b><\/b><\/p><p class=\"p3\">Any serious sustainability journey begins with a clear and objective assessment. We analyse your existing practices, sector-specific challenges, regulatory obligations and strategic priorities to identify strengths and areas for improvement. This structured diagnosis helps prioritise actions, avoid dispersion and build a coherent, realistic plan aligned with your business model. A solid foundation to move forward with clarity and method.<\/p>\t\t\t\t\t\t\t\t<\/div>\n\t\t\t\t<div class=\"elementor-element elementor-element-590ca72 elementor-icon-list--layout-traditional elementor-list-item-link-full_width elementor-widget elementor-widget-icon-list\" data-id=\"590ca72\" data-element_type=\"widget\" data-e-type=\"widget\" data-widget_type=\"icon-list.default\">\n\t\t\t\t\t\t\t<ul class=\"elementor-icon-list-items\">\n\t\t\t\t\t\t\t<li class=\"elementor-icon-list-item\">\n\t\t\t\t\t\t\t\t\t\t\t<a href=\"\/en\/our-services\/esg-materiality-analysis\/\">\n\n\t\t\t\t\t\t\t\t\t\t\t\t<span class=\"elementor-icon-list-icon\">\n\t\t\t\t\t\t\t<i aria-hidden=\"true\" class=\"lqd-icn-ess icon-md-arrow-round-forward\"><\/i>\t\t\t\t\t\t<\/span>\n\t\t\t\t\t\t\t\t\t\t<span class=\"elementor-icon-list-text\">Materiality analysis<\/span>\n\t\t\t\t\t\t\t\t\t\t\t<\/a>\n\t\t\t\t\t\t\t\t\t<\/li>\n\t\t\t\t\t\t\t\t<li class=\"elementor-icon-list-item\">\n\t\t\t\t\t\t\t\t\t\t\t<a href=\"\/en\/our-services\/esg-workshops\/\">\n\n\t\t\t\t\t\t\t\t\t\t\t\t<span class=\"elementor-icon-list-icon\">\n\t\t\t\t\t\t\t<i aria-hidden=\"true\" class=\"lqd-icn-ess icon-md-arrow-round-forward\"><\/i>\t\t\t\t\t\t<\/span>\n\t\t\t\t\t\t\t\t\t\t<span class=\"elementor-icon-list-text\">ESG workshops<\/span>\n\t\t\t\t\t\t\t\t\t\t\t<\/a>\n\t\t\t\t\t\t\t\t\t<\/li>\n\t\t\t\t\t\t\t\t<li class=\"elementor-icon-list-item\">\n\t\t\t\t\t\t\t\t\t\t\t<a href=\"\/en\/our-services\/transition-pact\/\">\n\n\t\t\t\t\t\t\t\t\t\t\t\t<span class=\"elementor-icon-list-icon\">\n\t\t\t\t\t\t\t<i aria-hidden=\"true\" class=\"lqd-icn-ess icon-md-arrow-round-forward\"><\/i>\t\t\t\t\t\t<\/span>\n\t\t\t\t\t\t\t\t\t\t<span class=\"elementor-icon-list-text\">Transition Pact<\/span>\n\t\t\t\t\t\t\t\t\t\t\t<\/a>\n\t\t\t\t\t\t\t\t\t<\/li>\n\t\t\t\t\t\t<\/ul>\n\t\t\t\t\t\t<\/div>\n\t\t\t\t<\/div>\n\t\t<div class=\"elementor-element elementor-element-226f51a e-con-full e-flex e-con e-child\" data-id=\"226f51a\" data-element_type=\"container\" data-e-type=\"container\" data-settings=\"{&quot;background_background&quot;:&quot;classic&quot;}\">\n\t\t\t\t<div class=\"elementor-element elementor-element-cce3a89 elementor-widget elementor-widget-heading\" data-id=\"cce3a89\" data-element_type=\"widget\" data-e-type=\"widget\" data-widget_type=\"heading.default\">\n\t\t\t\t\t<h2 class=\"elementor-heading-title elementor-size-default\">Measurement<\/h2>\t\t\t\t<\/div>\n\t\t\t\t<div class=\"elementor-element elementor-element-bea898a elementor-widget elementor-widget-text-editor\" data-id=\"bea898a\" data-element_type=\"widget\" data-e-type=\"widget\" data-widget_type=\"text-editor.default\">\n\t\t\t\t\t\t\t\t\t<p class=\"p1\"><b>Measure what truly matters<\/b><b><\/b><\/p><p class=\"p3\">Sustainability cannot be managed by intuition. We help you define relevant indicators, structure data collection and monitor your environmental, social and governance impacts. Carbon footprint assessment, impact analysis, materiality review, measurable targets: we translate your commitments into clear metrics that support decision-making. Measuring means prioritising, making informed trade-offs and progressing with credibility.<\/p>\t\t\t\t\t\t\t\t<\/div>\n\t\t\t\t<div class=\"elementor-element elementor-element-a05bfa0 elementor-icon-list--layout-traditional elementor-list-item-link-full_width elementor-widget elementor-widget-icon-list\" data-id=\"a05bfa0\" data-element_type=\"widget\" data-e-type=\"widget\" data-widget_type=\"icon-list.default\">\n\t\t\t\t\t\t\t<ul class=\"elementor-icon-list-items\">\n\t\t\t\t\t\t\t<li class=\"elementor-icon-list-item\">\n\t\t\t\t\t\t\t\t\t\t\t<a href=\"\/en\/our-services\/social-footprint\/\">\n\n\t\t\t\t\t\t\t\t\t\t\t\t<span class=\"elementor-icon-list-icon\">\n\t\t\t\t\t\t\t<i aria-hidden=\"true\" class=\"lqd-icn-ess icon-md-arrow-round-forward\"><\/i>\t\t\t\t\t\t<\/span>\n\t\t\t\t\t\t\t\t\t\t<span class=\"elementor-icon-list-text\">Social Footprint<\/span>\n\t\t\t\t\t\t\t\t\t\t\t<\/a>\n\t\t\t\t\t\t\t\t\t<\/li>\n\t\t\t\t\t\t\t\t<li class=\"elementor-icon-list-item\">\n\t\t\t\t\t\t\t\t\t\t\t<a href=\"\/en\/our-services\/environmental-footprint\/\">\n\n\t\t\t\t\t\t\t\t\t\t\t\t<span class=\"elementor-icon-list-icon\">\n\t\t\t\t\t\t\t<i aria-hidden=\"true\" class=\"lqd-icn-ess icon-md-arrow-round-forward\"><\/i>\t\t\t\t\t\t<\/span>\n\t\t\t\t\t\t\t\t\t\t<span class=\"elementor-icon-list-text\">Environmental Footprint<\/span>\n\t\t\t\t\t\t\t\t\t\t\t<\/a>\n\t\t\t\t\t\t\t\t\t<\/li>\n\t\t\t\t\t\t\t\t<li class=\"elementor-icon-list-item\">\n\t\t\t\t\t\t\t\t\t\t\t<a href=\"\/en\/our-services\/carbon-footprint\/\">\n\n\t\t\t\t\t\t\t\t\t\t\t\t<span class=\"elementor-icon-list-icon\">\n\t\t\t\t\t\t\t<i aria-hidden=\"true\" class=\"lqd-icn-ess icon-md-arrow-round-forward\"><\/i>\t\t\t\t\t\t<\/span>\n\t\t\t\t\t\t\t\t\t\t<span class=\"elementor-icon-list-text\">Carbon Footprint<\/span>\n\t\t\t\t\t\t\t\t\t\t\t<\/a>\n\t\t\t\t\t\t\t\t\t<\/li>\n\t\t\t\t\t\t<\/ul>\n\t\t\t\t\t\t<\/div>\n\t\t\t\t<\/div>\n\t\t<div class=\"elementor-element elementor-element-12f3851 e-con-full e-flex e-con e-child\" data-id=\"12f3851\" data-element_type=\"container\" data-e-type=\"container\" data-settings=\"{&quot;background_background&quot;:&quot;classic&quot;}\">\n\t\t\t\t<div class=\"elementor-element elementor-element-1fc24f3 elementor-widget elementor-widget-heading\" data-id=\"1fc24f3\" data-element_type=\"widget\" data-e-type=\"widget\" data-widget_type=\"heading.default\">\n\t\t\t\t\t<h2 class=\"elementor-heading-title elementor-size-default\">Certification<\/h2>\t\t\t\t<\/div>\n\t\t\t\t<div class=\"elementor-element elementor-element-c57ccb0 elementor-widget elementor-widget-text-editor\" data-id=\"c57ccb0\" data-element_type=\"widget\" data-e-type=\"widget\" data-widget_type=\"text-editor.default\">\n\t\t\t\t\t\t\t\t\t<p class=\"p1\"><b>Strengthen and formalise your commitments<\/b><b><\/b><\/p><p class=\"p3\">Achieving a recognised certification or label requires rigour and coherence. We support you in structuring your evidence, aligning your practices and preparing for audits. Whether pursuing B Corp certification or other frameworks, we ensure your commitment is authentic, documented and embedded within your overall strategy. Certification is not an end in itself, but a lever for long-term credibility.<\/p><p>Corp ou d\u2019autres r\u00e9f\u00e9rentiels, nous veillons \u00e0 ce que votre engagement soit authentique, document\u00e9 et int\u00e9gr\u00e9 \u00e0 votre strat\u00e9gie globale. Une certification n\u2019est pas une fin en soi, mais un levier de cr\u00e9dibilit\u00e9 durable.<\/p>\t\t\t\t\t\t\t\t<\/div>\n\t\t\t\t<div class=\"elementor-element elementor-element-fd52ee8 elementor-icon-list--layout-traditional elementor-list-item-link-full_width elementor-widget elementor-widget-icon-list\" data-id=\"fd52ee8\" data-element_type=\"widget\" data-e-type=\"widget\" data-widget_type=\"icon-list.default\">\n\t\t\t\t\t\t\t<ul class=\"elementor-icon-list-items\">\n\t\t\t\t\t\t\t<li class=\"elementor-icon-list-item\">\n\t\t\t\t\t\t\t\t\t\t\t<a href=\"\/en\/our-services\/bcorp-certification\/\">\n\n\t\t\t\t\t\t\t\t\t\t\t\t<span class=\"elementor-icon-list-icon\">\n\t\t\t\t\t\t\t<i aria-hidden=\"true\" class=\"lqd-icn-ess icon-md-arrow-round-forward\"><\/i>\t\t\t\t\t\t<\/span>\n\t\t\t\t\t\t\t\t\t\t<span class=\"elementor-icon-list-text\">B Corp\u00ae certification <\/span>\n\t\t\t\t\t\t\t\t\t\t\t<\/a>\n\t\t\t\t\t\t\t\t\t<\/li>\n\t\t\t\t\t\t\t\t<li class=\"elementor-icon-list-item\">\n\t\t\t\t\t\t\t\t\t\t\t<a href=\"\/en\/our-services\/bcorp-recertification\/\">\n\n\t\t\t\t\t\t\t\t\t\t\t\t<span class=\"elementor-icon-list-icon\">\n\t\t\t\t\t\t\t<i aria-hidden=\"true\" class=\"lqd-icn-ess icon-md-arrow-round-forward\"><\/i>\t\t\t\t\t\t<\/span>\n\t\t\t\t\t\t\t\t\t\t<span class=\"elementor-icon-list-text\">B Corp\u00ae recertification<\/span>\n\t\t\t\t\t\t\t\t\t\t\t<\/a>\n\t\t\t\t\t\t\t\t\t<\/li>\n\t\t\t\t\t\t\t\t<li class=\"elementor-icon-list-item\">\n\t\t\t\t\t\t\t\t\t\t\t<a href=\"\/en\/our-services\/shiftingpact-certification\/\">\n\n\t\t\t\t\t\t\t\t\t\t\t\t<span class=\"elementor-icon-list-icon\">\n\t\t\t\t\t\t\t<i aria-hidden=\"true\" class=\"lqd-icn-ess icon-md-arrow-round-forward\"><\/i>\t\t\t\t\t\t<\/span>\n\t\t\t\t\t\t\t\t\t\t<span class=\"elementor-icon-list-text\">ShiftingPact\u00ae certification<\/span>\n\t\t\t\t\t\t\t\t\t\t\t<\/a>\n\t\t\t\t\t\t\t\t\t<\/li>\n\t\t\t\t\t\t<\/ul>\n\t\t\t\t\t\t<\/div>\n\t\t\t\t<\/div>\n\t\t<div class=\"elementor-element elementor-element-c260166 e-con-full e-flex e-con e-child\" data-id=\"c260166\" data-element_type=\"container\" data-e-type=\"container\" data-settings=\"{&quot;background_background&quot;:&quot;classic&quot;}\">\n\t\t\t\t<div class=\"elementor-element elementor-element-6dd77e9 elementor-widget elementor-widget-heading\" data-id=\"6dd77e9\" data-element_type=\"widget\" data-e-type=\"widget\" data-widget_type=\"heading.default\">\n\t\t\t\t\t<h2 class=\"elementor-heading-title elementor-size-default\">Transparency<\/h2>\t\t\t\t<\/div>\n\t\t\t\t<div class=\"elementor-element elementor-element-6c236cd elementor-widget elementor-widget-text-editor\" data-id=\"6c236cd\" data-element_type=\"widget\" data-e-type=\"widget\" data-widget_type=\"text-editor.default\">\n\t\t\t\t\t\t\t\t\t<p class=\"p1\"><b>Make your trajectory visible<\/b><b><\/b><\/p><p class=\"p3\">Sharing results is a strategic act. We support you in preparing clear, structured impact reports aligned with stakeholder expectations. Beyond communication, it is about demonstrating coherence between your commitments and your actions, and strengthening trust. When managed properly, transparency becomes both a governance tool and a competitive advantage.<\/p>\t\t\t\t\t\t\t\t<\/div>\n\t\t\t\t<div class=\"elementor-element elementor-element-96c4164 elementor-icon-list--layout-traditional elementor-list-item-link-full_width elementor-widget elementor-widget-icon-list\" data-id=\"96c4164\" data-element_type=\"widget\" data-e-type=\"widget\" data-widget_type=\"icon-list.default\">\n\t\t\t\t\t\t\t<ul class=\"elementor-icon-list-items\">\n\t\t\t\t\t\t\t<li class=\"elementor-icon-list-item\">\n\t\t\t\t\t\t\t\t\t\t\t<a href=\"\/en\/our-services\/vsme-report\/\">\n\n\t\t\t\t\t\t\t\t\t\t\t\t<span class=\"elementor-icon-list-icon\">\n\t\t\t\t\t\t\t<i aria-hidden=\"true\" class=\"lqd-icn-ess icon-md-arrow-round-forward\"><\/i>\t\t\t\t\t\t<\/span>\n\t\t\t\t\t\t\t\t\t\t<span class=\"elementor-icon-list-text\">VSME Report<\/span>\n\t\t\t\t\t\t\t\t\t\t\t<\/a>\n\t\t\t\t\t\t\t\t\t<\/li>\n\t\t\t\t\t\t\t\t<li class=\"elementor-icon-list-item\">\n\t\t\t\t\t\t\t\t\t\t\t<a href=\"\/en\/our-services\/impact-report\/\">\n\n\t\t\t\t\t\t\t\t\t\t\t\t<span class=\"elementor-icon-list-icon\">\n\t\t\t\t\t\t\t<i aria-hidden=\"true\" class=\"lqd-icn-ess icon-md-arrow-round-forward\"><\/i>\t\t\t\t\t\t<\/span>\n\t\t\t\t\t\t\t\t\t\t<span class=\"elementor-icon-list-text\">Impact report<\/span>\n\t\t\t\t\t\t\t\t\t\t\t<\/a>\n\t\t\t\t\t\t\t\t\t<\/li>\n\t\t\t\t\t\t\t\t<li class=\"elementor-icon-list-item\">\n\t\t\t\t\t\t\t\t\t\t\t<a href=\"\/en\/our-services\/culture-playbook\/\">\n\n\t\t\t\t\t\t\t\t\t\t\t\t<span class=\"elementor-icon-list-icon\">\n\t\t\t\t\t\t\t<i aria-hidden=\"true\" class=\"lqd-icn-ess icon-md-arrow-round-forward\"><\/i>\t\t\t\t\t\t<\/span>\n\t\t\t\t\t\t\t\t\t\t<span class=\"elementor-icon-list-text\">Culture Playbook<\/span>\n\t\t\t\t\t\t\t\t\t\t\t<\/a>\n\t\t\t\t\t\t\t\t\t<\/li>\n\t\t\t\t\t\t\t\t<li class=\"elementor-icon-list-item\">\n\t\t\t\t\t\t\t\t\t\t\t<a href=\"\/en\/our-services\/formalisation\/\">\n\n\t\t\t\t\t\t\t\t\t\t\t\t<span class=\"elementor-icon-list-icon\">\n\t\t\t\t\t\t\t<i aria-hidden=\"true\" class=\"lqd-icn-ess icon-md-arrow-round-forward\"><\/i>\t\t\t\t\t\t<\/span>\n\t\t\t\t\t\t\t\t\t\t<span class=\"elementor-icon-list-text\">Formalisation<\/span>\n\t\t\t\t\t\t\t\t\t\t\t<\/a>\n\t\t\t\t\t\t\t\t\t<\/li>\n\t\t\t\t\t\t\t\t<li class=\"elementor-icon-list-item\">\n\t\t\t\t\t\t\t\t\t\t\t<a href=\"\/en\/our-services\/impact-web-page\/\">\n\n\t\t\t\t\t\t\t\t\t\t\t\t<span class=\"elementor-icon-list-icon\">\n\t\t\t\t\t\t\t<i aria-hidden=\"true\" class=\"lqd-icn-ess icon-md-arrow-round-forward\"><\/i>\t\t\t\t\t\t<\/span>\n\t\t\t\t\t\t\t\t\t\t<span class=\"elementor-icon-list-text\">Impact web page<\/span>\n\t\t\t\t\t\t\t\t\t\t\t<\/a>\n\t\t\t\t\t\t\t\t\t<\/li>\n\t\t\t\t\t\t<\/ul>\n\t\t\t\t\t\t<\/div>\n\t\t\t\t<\/div>\n\t\t\t\t<\/div>\n\t\t\t\t<\/div>\n\t\t","protected":false},"excerpt":{"rendered":"<p>A comprehensive approach Our services form part of a coherent process designed to support SMEs at every stage of their sustainable transition. From the initial assessment to the transparency of results, each intervention is modular, structured and aligned with your strategic challenges. Diagnosis Structure before you act Any serious sustainability journey begins with a clear [&hellip;]<\/p>\n","protected":false},"author":1,"featured_media":0,"parent":0,"menu_order":0,"comment_status":"closed","ping_status":"closed","template":"","meta":{"_acf_changed":false,"footnotes":""},"class_list":["post-10711","page","type-page","status-publish","hentry"],"acf":[],"yoast_head":"<!-- This site is optimized with the Yoast SEO plugin v27.4 - https:\/\/yoast.com\/product\/yoast-seo-wordpress\/ -->\n<title>Our services - BetterBusiness \u2014 Sustainability at the heart of your strategy<\/title>\n<meta name=\"description\" content=\"Tailored services to structure your CSR approach and maximize your impact, both internally and externally.\" \/>\n<meta name=\"robots\" content=\"index, follow, max-snippet:-1, max-image-preview:large, max-video-preview:-1\" \/>\n<link rel=\"canonical\" href=\"https:\/\/www.betterbusiness.be\/en\/our-services\/\" \/>\n<meta property=\"og:locale\" content=\"en_US\" \/>\n<meta property=\"og:type\" content=\"article\" \/>\n<meta property=\"og:title\" content=\"Our services - BetterBusiness \u2014 Sustainability at the heart of your strategy\" \/>\n<meta property=\"og:description\" content=\"Tailored services to structure your CSR approach and maximize your impact, both internally and externally.\" \/>\n<meta property=\"og:url\" content=\"https:\/\/www.betterbusiness.be\/en\/our-services\/\" \/>\n<meta property=\"og:site_name\" content=\"BetterBusiness \u2014 Sustainability at the heart of your strategy\" \/>\n<meta property=\"article:modified_time\" content=\"2026-03-19T10:39:29+00:00\" \/>\n<meta name=\"twitter:card\" content=\"summary_large_image\" \/>\n<meta name=\"twitter:label1\" content=\"Est. reading time\" \/>\n\t<meta name=\"twitter:data1\" content=\"2 minutes\" \/>\n<script type=\"application\/ld+json\" class=\"yoast-schema-graph\">{\"@context\":\"https:\\\/\\\/schema.org\",\"@graph\":[{\"@type\":\"WebPage\",\"@id\":\"https:\\\/\\\/www.betterbusiness.be\\\/en\\\/our-services\\\/\",\"url\":\"https:\\\/\\\/www.betterbusiness.be\\\/en\\\/our-services\\\/\",\"name\":\"Our services - BetterBusiness \u2014 Sustainability at the heart of your strategy\",\"isPartOf\":{\"@id\":\"https:\\\/\\\/www.betterbusiness.be\\\/en\\\/#website\"},\"datePublished\":\"2026-02-06T07:57:45+00:00\",\"dateModified\":\"2026-03-19T10:39:29+00:00\",\"description\":\"Tailored services to structure your CSR approach and maximize your impact, both internally and externally.\",\"breadcrumb\":{\"@id\":\"https:\\\/\\\/www.betterbusiness.be\\\/en\\\/our-services\\\/#breadcrumb\"},\"inLanguage\":\"en-US\",\"potentialAction\":[{\"@type\":\"ReadAction\",\"target\":[\"https:\\\/\\\/www.betterbusiness.be\\\/en\\\/our-services\\\/\"]}]},{\"@type\":\"BreadcrumbList\",\"@id\":\"https:\\\/\\\/www.betterbusiness.be\\\/en\\\/our-services\\\/#breadcrumb\",\"itemListElement\":[{\"@type\":\"ListItem\",\"position\":1,\"name\":\"Accueil\",\"item\":\"https:\\\/\\\/www.betterbusiness.be\\\/en\\\/\"},{\"@type\":\"ListItem\",\"position\":2,\"name\":\"Our services\"}]},{\"@type\":\"WebSite\",\"@id\":\"https:\\\/\\\/www.betterbusiness.be\\\/en\\\/#website\",\"url\":\"https:\\\/\\\/www.betterbusiness.be\\\/en\\\/\",\"name\":\"BetterBusiness \u2014 La durabilit\u00e9 au c\u0153ur de votre strat\u00e9gie\",\"description\":\"La durabilit\u00e9 au c\u0153ur de votre strat\u00e9gie\",\"publisher\":{\"@id\":\"https:\\\/\\\/www.betterbusiness.be\\\/en\\\/#organization\"},\"potentialAction\":[{\"@type\":\"SearchAction\",\"target\":{\"@type\":\"EntryPoint\",\"urlTemplate\":\"https:\\\/\\\/www.betterbusiness.be\\\/en\\\/?s={search_term_string}\"},\"query-input\":{\"@type\":\"PropertyValueSpecification\",\"valueRequired\":true,\"valueName\":\"search_term_string\"}}],\"inLanguage\":\"en-US\"},{\"@type\":\"Organization\",\"@id\":\"https:\\\/\\\/www.betterbusiness.be\\\/en\\\/#organization\",\"name\":\"BetterBusiness\",\"url\":\"https:\\\/\\\/www.betterbusiness.be\\\/en\\\/\",\"logo\":{\"@type\":\"ImageObject\",\"inLanguage\":\"en-US\",\"@id\":\"https:\\\/\\\/www.betterbusiness.be\\\/en\\\/#\\\/schema\\\/logo\\\/image\\\/\",\"url\":\"https:\\\/\\\/www.betterbusiness.be\\\/wp-content\\\/uploads\\\/2021\\\/06\\\/logo_betterbusiness_retina.png\",\"contentUrl\":\"https:\\\/\\\/www.betterbusiness.be\\\/wp-content\\\/uploads\\\/2021\\\/06\\\/logo_betterbusiness_retina.png\",\"width\":1500,\"height\":543,\"caption\":\"BetterBusiness\"},\"image\":{\"@id\":\"https:\\\/\\\/www.betterbusiness.be\\\/en\\\/#\\\/schema\\\/logo\\\/image\\\/\"},\"sameAs\":[\"https:\\\/\\\/www.linkedin.com\\\/company\\\/betterbusineswithbcorp\",\"http:\\\/\\\/instagram.com\\\/betterbusiness.be\\\/\"]}]}<\/script>\n<!-- \/ Yoast SEO plugin. -->","yoast_head_json":{"title":"Our services - BetterBusiness \u2014 Sustainability at the heart of your strategy","description":"Tailored services to structure your CSR approach and maximize your impact, both internally and externally.","robots":{"index":"index","follow":"follow","max-snippet":"max-snippet:-1","max-image-preview":"max-image-preview:large","max-video-preview":"max-video-preview:-1"},"canonical":"https:\/\/www.betterbusiness.be\/en\/our-services\/","og_locale":"en_US","og_type":"article","og_title":"Our services - BetterBusiness \u2014 Sustainability at the heart of your strategy","og_description":"Tailored services to structure your CSR approach and maximize your impact, both internally and externally.","og_url":"https:\/\/www.betterbusiness.be\/en\/our-services\/","og_site_name":"BetterBusiness \u2014 Sustainability at the heart of your strategy","article_modified_time":"2026-03-19T10:39:29+00:00","twitter_card":"summary_large_image","twitter_misc":{"Est. reading time":"2 minutes"},"schema":{"@context":"https:\/\/schema.org","@graph":[{"@type":"WebPage","@id":"https:\/\/www.betterbusiness.be\/en\/our-services\/","url":"https:\/\/www.betterbusiness.be\/en\/our-services\/","name":"Our services - BetterBusiness \u2014 Sustainability at the heart of your strategy","isPartOf":{"@id":"https:\/\/www.betterbusiness.be\/en\/#website"},"datePublished":"2026-02-06T07:57:45+00:00","dateModified":"2026-03-19T10:39:29+00:00","description":"Tailored services to structure your CSR approach and maximize your impact, both internally and externally.","breadcrumb":{"@id":"https:\/\/www.betterbusiness.be\/en\/our-services\/#breadcrumb"},"inLanguage":"en-US","potentialAction":[{"@type":"ReadAction","target":["https:\/\/www.betterbusiness.be\/en\/our-services\/"]}]},{"@type":"BreadcrumbList","@id":"https:\/\/www.betterbusiness.be\/en\/our-services\/#breadcrumb","itemListElement":[{"@type":"ListItem","position":1,"name":"Accueil","item":"https:\/\/www.betterbusiness.be\/en\/"},{"@type":"ListItem","position":2,"name":"Our services"}]},{"@type":"WebSite","@id":"https:\/\/www.betterbusiness.be\/en\/#website","url":"https:\/\/www.betterbusiness.be\/en\/","name":"BetterBusiness \u2014 La durabilit\u00e9 au c\u0153ur de votre strat\u00e9gie","description":"La durabilit\u00e9 au c\u0153ur de votre strat\u00e9gie","publisher":{"@id":"https:\/\/www.betterbusiness.be\/en\/#organization"},"potentialAction":[{"@type":"SearchAction","target":{"@type":"EntryPoint","urlTemplate":"https:\/\/www.betterbusiness.be\/en\/?s={search_term_string}"},"query-input":{"@type":"PropertyValueSpecification","valueRequired":true,"valueName":"search_term_string"}}],"inLanguage":"en-US"},{"@type":"Organization","@id":"https:\/\/www.betterbusiness.be\/en\/#organization","name":"BetterBusiness","url":"https:\/\/www.betterbusiness.be\/en\/","logo":{"@type":"ImageObject","inLanguage":"en-US","@id":"https:\/\/www.betterbusiness.be\/en\/#\/schema\/logo\/image\/","url":"https:\/\/www.betterbusiness.be\/wp-content\/uploads\/2021\/06\/logo_betterbusiness_retina.png","contentUrl":"https:\/\/www.betterbusiness.be\/wp-content\/uploads\/2021\/06\/logo_betterbusiness_retina.png","width":1500,"height":543,"caption":"BetterBusiness"},"image":{"@id":"https:\/\/www.betterbusiness.be\/en\/#\/schema\/logo\/image\/"},"sameAs":["https:\/\/www.linkedin.com\/company\/betterbusineswithbcorp","http:\/\/instagram.com\/betterbusiness.be\/"]}]}},"_links":{"self":[{"href":"https:\/\/www.betterbusiness.be\/en\/wp-json\/wp\/v2\/pages\/10711","targetHints":{"allow":["GET"]}}],"collection":[{"href":"https:\/\/www.betterbusiness.be\/en\/wp-json\/wp\/v2\/pages"}],"about":[{"href":"https:\/\/www.betterbusiness.be\/en\/wp-json\/wp\/v2\/types\/page"}],"author":[{"embeddable":true,"href":"https:\/\/www.betterbusiness.be\/en\/wp-json\/wp\/v2\/users\/1"}],"replies":[{"embeddable":true,"href":"https:\/\/www.betterbusiness.be\/en\/wp-json\/wp\/v2\/comments?post=10711"}],"version-history":[{"count":12,"href":"https:\/\/www.betterbusiness.be\/en\/wp-json\/wp\/v2\/pages\/10711\/revisions"}],"predecessor-version":[{"id":12975,"href":"https:\/\/www.betterbusiness.be\/en\/wp-json\/wp\/v2\/pages\/10711\/revisions\/12975"}],"wp:attachment":[{"href":"https:\/\/www.betterbusiness.be\/en\/wp-json\/wp\/v2\/media?parent=10711"}],"curies":[{"name":"wp","href":"https:\/\/api.w.org\/{rel}","templated":true}]}}